{"id":1187,"date":"2022-06-26T01:30:02","date_gmt":"2022-06-25T23:30:02","guid":{"rendered":"https:\/\/axelssoncloudconsulting.azurewebsites.net\/?page_id=1187"},"modified":"2022-06-26T01:30:02","modified_gmt":"2022-06-25T23:30:02","slug":"dankeschon-newsletter","status":"publish","type":"page","link":"https:\/\/axelssoncloudconsulting.com\/de-de\/dankeschon-newsletter\/","title":{"rendered":"Danke f\u00fcr den Newsletter"},"content":{"rendered":"<p>Wir haben Ihre Unterlagen erhalten und<br>Ihr Antrag wurde erfolgreich bearbeitet<br>um sich f\u00fcr unseren Newsletter anzumelden. <br><br>(Sie k\u00f6nnen sich jederzeit abmelden, indem Sie auf die Schaltfl\u00e4che <br>Abmeldelink in der Newsletter-E-Mail oder <br>Senden Sie eine E-Mail an <br>newsletter@axelssonconsulting.de)<\/p>","protected":false},"excerpt":{"rendered":"<p>Wir haben Ihre Anfrage, sich f\u00fcr unseren Newsletter anzumelden, erhalten und erfolgreich bearbeitet. (Sie k\u00f6nnen sich jederzeit abmelden, indem Sie auf den Abmeldelink in der Newsletter-E-Mail klicken oder eine E-Mail an newsletter@axelssonconsulting.de senden)<\/p>","protected":false},"author":1,"featured_media":0,"parent":0,"menu_order":0,"comment_status":"closed","ping_status":"closed","template":"page-thank-you-page.php","meta":{"_acf_changed":false,"footnotes":""},"class_list":["post-1187","page","type-page","status-publish","hentry"],"acf":[],"yoast_head":"<!-- This site is optimized with the Yoast SEO plugin v25.1 - https:\/\/yoast.com\/wordpress\/plugins\/seo\/ -->\n<title>Thank you newsletter | Axelsson Consulting<\/title>\n<meta name=\"robots\" content=\"index, follow, max-snippet:-1, max-image-preview:large, max-video-preview:-1\" \/>\n<link rel=\"canonical\" href=\"https:\/\/axelssonconsulting.de\/thank-you-newsletter\/\" \/>\n<meta property=\"og:locale\" content=\"de_DE\" \/>\n<meta property=\"og:type\" content=\"article\" \/>\n<meta property=\"og:title\" content=\"Thank you newsletter | Axelsson Consulting\" \/>\n<meta property=\"og:description\" content=\"We have recieved your andsucessfully processed your requestto sign up to our newsletter. (You can opt out at any time by clicking the unsubscribe link in the newsletter email or send an email to newsletter@axelssonconsulting.de)\" \/>\n<meta property=\"og:url\" content=\"https:\/\/axelssonconsulting.de\/thank-you-newsletter\/\" \/>\n<meta property=\"og:site_name\" content=\"Axelsson Consulting\" \/>\n<meta name=\"twitter:card\" content=\"summary_large_image\" \/>\n<meta name=\"twitter:label1\" content=\"Gesch\u00e4tzte Lesezeit\" \/>\n\t<meta name=\"twitter:data1\" content=\"1\u00a0Minute\" \/>\n<script type=\"application\/ld+json\" class=\"yoast-schema-graph\">{\"@context\":\"https:\/\/schema.org\",\"@graph\":[{\"@type\":\"WebPage\",\"@id\":\"https:\/\/axelssonconsulting.de\/thank-you-newsletter\/\",\"url\":\"https:\/\/axelssonconsulting.de\/thank-you-newsletter\/\",\"name\":\"Thank you newsletter | Axelsson Consulting\",\"isPartOf\":{\"@id\":\"https:\/\/axelssonconsulting.de\/de-de\/#website\"},\"datePublished\":\"2022-06-25T23:30:02+00:00\",\"inLanguage\":\"de\",\"potentialAction\":[{\"@type\":\"ReadAction\",\"target\":[\"https:\/\/axelssonconsulting.de\/thank-you-newsletter\/\"]}]},{\"@type\":\"WebSite\",\"@id\":\"https:\/\/axelssonconsulting.de\/de-de\/#website\",\"url\":\"https:\/\/axelssonconsulting.de\/de-de\/\",\"name\":\"Axelsson Consulting\",\"description\":\"Delivering premium digital experiences at cloud scale\",\"potentialAction\":[{\"@type\":\"SearchAction\",\"target\":{\"@type\":\"EntryPoint\",\"urlTemplate\":\"https:\/\/axelssonconsulting.de\/de-de\/?s={search_term_string}\"},\"query-input\":{\"@type\":\"PropertyValueSpecification\",\"valueRequired\":true,\"valueName\":\"search_term_string\"}}],\"inLanguage\":\"de\"}]}<\/script>\n<!-- \/ Yoast SEO plugin. -->","yoast_head_json":{"title":"Thank you newsletter | Axelsson Consulting","robots":{"index":"index","follow":"follow","max-snippet":"max-snippet:-1","max-image-preview":"max-image-preview:large","max-video-preview":"max-video-preview:-1"},"canonical":"https:\/\/axelssonconsulting.de\/thank-you-newsletter\/","og_locale":"de_DE","og_type":"article","og_title":"Thank you newsletter | Axelsson Consulting","og_description":"We have recieved your andsucessfully processed your requestto sign up to our newsletter. (You can opt out at any time by clicking the unsubscribe link in the newsletter email or send an email to newsletter@axelssonconsulting.de)","og_url":"https:\/\/axelssonconsulting.de\/thank-you-newsletter\/","og_site_name":"Axelsson Consulting","twitter_card":"summary_large_image","twitter_misc":{"Gesch\u00e4tzte Lesezeit":"1\u00a0Minute"},"schema":{"@context":"https:\/\/schema.org","@graph":[{"@type":"WebPage","@id":"https:\/\/axelssonconsulting.de\/thank-you-newsletter\/","url":"https:\/\/axelssonconsulting.de\/thank-you-newsletter\/","name":"Thank you newsletter | Axelsson Consulting","isPartOf":{"@id":"https:\/\/axelssonconsulting.de\/de-de\/#website"},"datePublished":"2022-06-25T23:30:02+00:00","inLanguage":"de","potentialAction":[{"@type":"ReadAction","target":["https:\/\/axelssonconsulting.de\/thank-you-newsletter\/"]}]},{"@type":"WebSite","@id":"https:\/\/axelssonconsulting.de\/de-de\/#website","url":"https:\/\/axelssonconsulting.de\/de-de\/","name":"Axelsson Consulting","description":"Delivering premium digital experiences at cloud scale","potentialAction":[{"@type":"SearchAction","target":{"@type":"EntryPoint","urlTemplate":"https:\/\/axelssonconsulting.de\/de-de\/?s={search_term_string}"},"query-input":{"@type":"PropertyValueSpecification","valueRequired":true,"valueName":"search_term_string"}}],"inLanguage":"de"}]}},"_links":{"self":[{"href":"https:\/\/axelssoncloudconsulting.com\/de-de\/wp-json\/wp\/v2\/pages\/1187"}],"collection":[{"href":"https:\/\/axelssoncloudconsulting.com\/de-de\/wp-json\/wp\/v2\/pages"}],"about":[{"href":"https:\/\/axelssoncloudconsulting.com\/de-de\/wp-json\/wp\/v2\/types\/page"}],"author":[{"embeddable":true,"href":"https:\/\/axelssoncloudconsulting.com\/de-de\/wp-json\/wp\/v2\/users\/1"}],"replies":[{"embeddable":true,"href":"https:\/\/axelssoncloudconsulting.com\/de-de\/wp-json\/wp\/v2\/comments?post=1187"}],"version-history":[{"count":0,"href":"https:\/\/axelssoncloudconsulting.com\/de-de\/wp-json\/wp\/v2\/pages\/1187\/revisions"}],"wp:attachment":[{"href":"https:\/\/axelssoncloudconsulting.com\/de-de\/wp-json\/wp\/v2\/media?parent=1187"}],"curies":[{"name":"wp","href":"https:\/\/api.w.org\/{rel}","templated":true}]}}