{"id":1462,"date":"2023-01-29T22:44:30","date_gmt":"2023-01-29T21:44:30","guid":{"rendered":"https:\/\/axelssoncloudconsulting.com\/?page_id=1462"},"modified":"2025-08-02T12:27:05","modified_gmt":"2025-08-02T10:27:05","slug":"betrugswarnung","status":"publish","type":"page","link":"https:\/\/axelssoncloudconsulting.com\/de-de\/betrugswarnung\/","title":{"rendered":"Warnung vor Betrug"},"content":{"rendered":"<h3 class=\"wp-block-heading\">Haftungsausschluss f\u00fcr Nachahmung und betr\u00fcgerische Handlungen<\/h3>\n\n\n\n<p><\/p>\n\n\n\n<p>Axelsson Consulting UG (haftungsbeschr\u00e4nkt) und Axelsson Cloud Consulting AB, im Folgenden \"Axelsson Consulting\" genannt, m\u00f6chten unsere Kunden und die \u00d6ffentlichkeit auf die weit verbreiteten betr\u00fcgerischen Aktivit\u00e4ten von Betr\u00fcgern aufmerksam machen, die m\u00f6glicherweise darauf abzielen, unsere Kunden und die \u00d6ffentlichkeit zu t\u00e4uschen und zu betr\u00fcgen. Wir sind darauf aufmerksam geworden, dass der Name Axelsson Consulting, einschlie\u00dflich seines Logos und seiner Gesch\u00e4ftsadresse, oder \u00e4hnliche oder abgeleitete Versionen davon ganz oder teilweise in Versuchen verwendet werden, die \u00d6ffentlichkeit durch falsche Korrespondenz und andere Betr\u00fcgereien zu t\u00e4uschen. Diese Art von Betrug kann per E-Mail, physischen Briefen, Textnachrichten, Fax oder \u00fcber eine Website erfolgen, die vorgibt, die von Axelsson Consulting zu sein oder einen \u00e4hnlichen Stil\/Namen zu haben oder mit uns verbunden zu sein, und dass die Empf\u00e4nger von den T\u00e4tern\/Wettbewerbern\/Betr\u00fcgern mit falschen, skrupellosen und irref\u00fchrenden Informationen \u00fcber unser Gesch\u00e4ft, unsere Gesch\u00e4fte oder unsere nicht existierenden Produkte, falschen Produkte und Produktlinien versorgt werden k\u00f6nnen.<\/p>\n\n\n\n<p>Axelsson Beratung <strong>warnt die \u00d6ffentlichkeit<\/strong>&nbsp;die Weitergabe von pers\u00f6nlichen Informationen, das Senden von Geld oder die Offenlegung von Bankdaten an Personen, die behaupten, Axelsson Consulting zu vertreten, mit ihm verbunden zu sein oder eine Beziehung zu ihm zu haben.<\/p>\n\n\n\n<p>Im Falle von Zweifeln an der Rechtm\u00e4\u00dfigkeit eines Einsatzes wird unseren Kunden dringend empfohlen, sich direkt mit uns telefonisch unter +49 (0) 30 7001 6003 - 0 (DACH \/ Deutschland) oder +46 (0) 31 40 40 70 (Schweden \/ Nordics) oder online \u00fcber <a href=\"mailto:info@axelssoncloudconsulting.com\">info@axelssonconsulting.de<\/a> oder <a href=\"mailto:info@axelssoncloudconsulting.se\">info@axelssoncloudconsulting.se<\/a>.<\/p>\n\n\n\n<p>Der \u00d6ffentlichkeit wird hiermit geraten, kein Geld an solche Betr\u00fcger zu senden oder von ihnen zu erhalten, da Axelsson Consulting keine Haftung f\u00fcr jegliche Verluste\/Sch\u00e4den \u00fcbernimmt, die jemand erleidet, der Opfer solcher Betr\u00fcgereien\/Briefe von Betr\u00fcgern wird. Axelsson Consulting lehnt hiermit jegliche derartige Korrespondenz und Nachrichten ab und warnt seine Kunden und die allgemeine \u00d6ffentlichkeit, diese zu ignorieren und jederzeit \u00e4u\u00dferste Vorsicht walten zu lassen.<\/p>\n\n\n\n<p>Es ist unser st\u00e4ndiges Bestreben, unseren Kunden den besten und unvergleichlichen Support und Service zu bieten.<\/p>","protected":false},"excerpt":{"rendered":"<p>Axelsson Consulting UG (haftungsbeschr\u00e4nkt) und Axelsson Cloud Consulting AB, im Folgenden \"Axelsson Consulting\" genannt, m\u00f6chten unsere Kunden und die \u00d6ffentlichkeit auf die weit verbreiteten betr\u00fcgerischen Aktivit\u00e4ten von Betr\u00fcgern aufmerksam machen, die darauf abzielen, unsere Kunden und die \u00d6ffentlichkeit zu t\u00e4uschen und zu betr\u00fcgen. <a href=\"https:\/\/axelssoncloudconsulting.com\/de-de\/betrugswarnung\/\" class=\"more-link\">&#8230;<span class=\"screen-reader-text\">  Warnung vor Betrug<\/span><\/a><\/p>","protected":false},"author":1,"featured_media":0,"parent":0,"menu_order":0,"comment_status":"closed","ping_status":"closed","template":"","meta":{"_acf_changed":false,"footnotes":""},"class_list":["post-1462","page","type-page","status-publish","hentry"],"acf":[],"yoast_head":"<!-- This site is optimized with the Yoast SEO plugin v25.1 - https:\/\/yoast.com\/wordpress\/plugins\/seo\/ -->\n<title>Fraud warning | Axelsson Consulting<\/title>\n<meta name=\"robots\" content=\"index, follow, max-snippet:-1, max-image-preview:large, max-video-preview:-1\" \/>\n<link rel=\"canonical\" href=\"https:\/\/axelssonconsulting.de\/fraud-warning\/\" \/>\n<meta property=\"og:locale\" content=\"de_DE\" \/>\n<meta property=\"og:type\" content=\"article\" \/>\n<meta property=\"og:title\" content=\"Fraud warning | Axelsson Consulting\" \/>\n<meta property=\"og:description\" content=\"Impersonation and fraudulent acts disclaimer Axelsson Consulting UG (haftungsbeschr\u00e4nkt) and Axelsson Cloud Consulting AB, hereinafter referred to as \u201cAxelsson Consulting\u201d, wishes to draw the attention of our customers and members of the general public to the prevalence of fraudulent activity being perpetuated by fraudsters who may aim to deceive and defraud our customers and the ... Fraud warning\" \/>\n<meta property=\"og:url\" content=\"https:\/\/axelssonconsulting.de\/fraud-warning\/\" \/>\n<meta property=\"og:site_name\" content=\"Axelsson Consulting\" \/>\n<meta property=\"article:modified_time\" content=\"2025-08-02T10:27:05+00:00\" \/>\n<meta name=\"twitter:card\" content=\"summary_large_image\" \/>\n<meta name=\"twitter:label1\" content=\"Gesch\u00e4tzte Lesezeit\" \/>\n\t<meta name=\"twitter:data1\" content=\"2\u00a0Minuten\" \/>\n<script type=\"application\/ld+json\" class=\"yoast-schema-graph\">{\"@context\":\"https:\/\/schema.org\",\"@graph\":[{\"@type\":\"WebPage\",\"@id\":\"https:\/\/axelssonconsulting.de\/fraud-warning\/\",\"url\":\"https:\/\/axelssonconsulting.de\/fraud-warning\/\",\"name\":\"Fraud warning | Axelsson Consulting\",\"isPartOf\":{\"@id\":\"https:\/\/axelssoncloudconsulting.com\/#website\"},\"datePublished\":\"2023-01-29T21:44:30+00:00\",\"dateModified\":\"2025-08-02T10:27:05+00:00\",\"inLanguage\":\"de\",\"potentialAction\":[{\"@type\":\"ReadAction\",\"target\":[\"https:\/\/axelssonconsulting.de\/fraud-warning\/\"]}]},{\"@type\":\"WebSite\",\"@id\":\"https:\/\/axelssoncloudconsulting.com\/#website\",\"url\":\"https:\/\/axelssoncloudconsulting.com\/\",\"name\":\"Axelsson Consulting\",\"description\":\"Delivering premium digital experiences at cloud scale\",\"potentialAction\":[{\"@type\":\"SearchAction\",\"target\":{\"@type\":\"EntryPoint\",\"urlTemplate\":\"https:\/\/axelssoncloudconsulting.com\/?s={search_term_string}\"},\"query-input\":{\"@type\":\"PropertyValueSpecification\",\"valueRequired\":true,\"valueName\":\"search_term_string\"}}],\"inLanguage\":\"de\"}]}<\/script>\n<!-- \/ Yoast SEO plugin. -->","yoast_head_json":{"title":"Fraud warning | Axelsson Consulting","robots":{"index":"index","follow":"follow","max-snippet":"max-snippet:-1","max-image-preview":"max-image-preview:large","max-video-preview":"max-video-preview:-1"},"canonical":"https:\/\/axelssonconsulting.de\/fraud-warning\/","og_locale":"de_DE","og_type":"article","og_title":"Fraud warning | Axelsson Consulting","og_description":"Impersonation and fraudulent acts disclaimer Axelsson Consulting UG (haftungsbeschr\u00e4nkt) and Axelsson Cloud Consulting AB, hereinafter referred to as \u201cAxelsson Consulting\u201d, wishes to draw the attention of our customers and members of the general public to the prevalence of fraudulent activity being perpetuated by fraudsters who may aim to deceive and defraud our customers and the ... Fraud warning","og_url":"https:\/\/axelssonconsulting.de\/fraud-warning\/","og_site_name":"Axelsson Consulting","article_modified_time":"2025-08-02T10:27:05+00:00","twitter_card":"summary_large_image","twitter_misc":{"Gesch\u00e4tzte Lesezeit":"2\u00a0Minuten"},"schema":{"@context":"https:\/\/schema.org","@graph":[{"@type":"WebPage","@id":"https:\/\/axelssonconsulting.de\/fraud-warning\/","url":"https:\/\/axelssonconsulting.de\/fraud-warning\/","name":"Fraud warning | Axelsson Consulting","isPartOf":{"@id":"https:\/\/axelssoncloudconsulting.com\/#website"},"datePublished":"2023-01-29T21:44:30+00:00","dateModified":"2025-08-02T10:27:05+00:00","inLanguage":"de","potentialAction":[{"@type":"ReadAction","target":["https:\/\/axelssonconsulting.de\/fraud-warning\/"]}]},{"@type":"WebSite","@id":"https:\/\/axelssoncloudconsulting.com\/#website","url":"https:\/\/axelssoncloudconsulting.com\/","name":"Axelsson Consulting","description":"Delivering premium digital experiences at cloud scale","potentialAction":[{"@type":"SearchAction","target":{"@type":"EntryPoint","urlTemplate":"https:\/\/axelssoncloudconsulting.com\/?s={search_term_string}"},"query-input":{"@type":"PropertyValueSpecification","valueRequired":true,"valueName":"search_term_string"}}],"inLanguage":"de"}]}},"_links":{"self":[{"href":"https:\/\/axelssoncloudconsulting.com\/de-de\/wp-json\/wp\/v2\/pages\/1462"}],"collection":[{"href":"https:\/\/axelssoncloudconsulting.com\/de-de\/wp-json\/wp\/v2\/pages"}],"about":[{"href":"https:\/\/axelssoncloudconsulting.com\/de-de\/wp-json\/wp\/v2\/types\/page"}],"author":[{"embeddable":true,"href":"https:\/\/axelssoncloudconsulting.com\/de-de\/wp-json\/wp\/v2\/users\/1"}],"replies":[{"embeddable":true,"href":"https:\/\/axelssoncloudconsulting.com\/de-de\/wp-json\/wp\/v2\/comments?post=1462"}],"version-history":[{"count":2,"href":"https:\/\/axelssoncloudconsulting.com\/de-de\/wp-json\/wp\/v2\/pages\/1462\/revisions"}],"predecessor-version":[{"id":2230,"href":"https:\/\/axelssoncloudconsulting.com\/de-de\/wp-json\/wp\/v2\/pages\/1462\/revisions\/2230"}],"wp:attachment":[{"href":"https:\/\/axelssoncloudconsulting.com\/de-de\/wp-json\/wp\/v2\/media?parent=1462"}],"curies":[{"name":"wp","href":"https:\/\/api.w.org\/{rel}","templated":true}]}}