{"id":1679,"date":"2024-06-10T01:20:15","date_gmt":"2024-06-09T23:20:15","guid":{"rendered":"https:\/\/axelssoncloudconsulting.com\/?page_id=1679"},"modified":"2025-05-14T11:54:34","modified_gmt":"2025-05-14T09:54:34","slug":"technische-leitung","status":"publish","type":"page","link":"https:\/\/axelssoncloudconsulting.com\/de-de\/dienstleistungen\/technische-leitung\/","title":{"rendered":"Technische F\u00fchrerschaft"},"content":{"rendered":"","protected":false},"excerpt":{"rendered":"<p>Umgestaltung Ihrer Gesch\u00e4ftsabl\u00e4ufe und Produkte, um die Vorteile digitaler Technologien wie Datenanalyse und k\u00fcnstliche Intelligenz f\u00fcr den digitalen Erfolg zu nutzen<\/p>","protected":false},"author":1,"featured_media":1680,"parent":976,"menu_order":5,"comment_status":"closed","ping_status":"closed","template":"page-services-detail.php","meta":{"_acf_changed":false,"footnotes":""},"class_list":["post-1679","page","type-page","status-publish","has-post-thumbnail","hentry"],"acf":[],"yoast_head":"<!-- This site is optimized with the Yoast SEO plugin v25.1 - https:\/\/yoast.com\/wordpress\/plugins\/seo\/ -->\n<title>Technical Leadership | Axelsson Consulting<\/title>\n<meta name=\"robots\" content=\"index, follow, max-snippet:-1, max-image-preview:large, max-video-preview:-1\" \/>\n<link rel=\"canonical\" href=\"https:\/\/axelssonconsulting.de\/de-de\/dienstleistungen\/technische-leitung\/\" \/>\n<meta property=\"og:locale\" content=\"de_DE\" \/>\n<meta property=\"og:type\" content=\"article\" \/>\n<meta property=\"og:title\" content=\"Technical Leadership | Axelsson Consulting\" \/>\n<meta property=\"og:description\" content=\"Transform your business operations and products to take advantage of digital technologies, such data analytics and artificial intelligence for digital success\" \/>\n<meta property=\"og:url\" content=\"https:\/\/axelssonconsulting.de\/de-de\/dienstleistungen\/technische-leitung\/\" \/>\n<meta property=\"og:site_name\" content=\"Axelsson Consulting\" \/>\n<meta property=\"article:modified_time\" content=\"2025-05-14T09:54:34+00:00\" \/>\n<meta property=\"og:image\" content=\"https:\/\/axelssoncloudconsulting.com\/wp-content\/uploads\/axelsson_cloud_consuling_digital_leadership_innovation_services.jpg\" \/>\n\t<meta property=\"og:image:width\" content=\"1920\" \/>\n\t<meta property=\"og:image:height\" content=\"1080\" \/>\n\t<meta property=\"og:image:type\" content=\"image\/jpeg\" \/>\n<meta name=\"twitter:card\" content=\"summary_large_image\" \/>\n<meta name=\"twitter:label1\" content=\"Gesch\u00e4tzte Lesezeit\" \/>\n\t<meta name=\"twitter:data1\" content=\"1\u00a0Minute\" \/>\n<script type=\"application\/ld+json\" class=\"yoast-schema-graph\">{\"@context\":\"https:\/\/schema.org\",\"@graph\":[{\"@type\":\"WebPage\",\"@id\":\"https:\/\/axelssonconsulting.de\/de-de\/dienstleistungen\/technische-leitung\/\",\"url\":\"https:\/\/axelssonconsulting.de\/de-de\/dienstleistungen\/technische-leitung\/\",\"name\":\"Technical Leadership | Axelsson Consulting\",\"isPartOf\":{\"@id\":\"https:\/\/axelssoncloudconsulting.com\/#website\"},\"primaryImageOfPage\":{\"@id\":\"https:\/\/axelssonconsulting.de\/de-de\/dienstleistungen\/technische-leitung\/#primaryimage\"},\"image\":{\"@id\":\"https:\/\/axelssonconsulting.de\/de-de\/dienstleistungen\/technische-leitung\/#primaryimage\"},\"thumbnailUrl\":\"\/wp-content\/uploads\/axelsson_cloud_consuling_digital_leadership_innovation_services.jpg\",\"datePublished\":\"2024-06-09T23:20:15+00:00\",\"dateModified\":\"2025-05-14T09:54:34+00:00\",\"breadcrumb\":{\"@id\":\"https:\/\/axelssonconsulting.de\/de-de\/dienstleistungen\/technische-leitung\/#breadcrumb\"},\"inLanguage\":\"de\",\"potentialAction\":[{\"@type\":\"ReadAction\",\"target\":[\"https:\/\/axelssonconsulting.de\/de-de\/dienstleistungen\/technische-leitung\/\"]}]},{\"@type\":\"ImageObject\",\"inLanguage\":\"de\",\"@id\":\"https:\/\/axelssonconsulting.de\/de-de\/dienstleistungen\/technische-leitung\/#primaryimage\",\"url\":\"\/wp-content\/uploads\/axelsson_cloud_consuling_digital_leadership_innovation_services.jpg\",\"contentUrl\":\"\/wp-content\/uploads\/axelsson_cloud_consuling_digital_leadership_innovation_services.jpg\",\"width\":1920,\"height\":1080},{\"@type\":\"BreadcrumbList\",\"@id\":\"https:\/\/axelssonconsulting.de\/de-de\/dienstleistungen\/technische-leitung\/#breadcrumb\",\"itemListElement\":[{\"@type\":\"ListItem\",\"position\":1,\"name\":\"Services\",\"item\":\"https:\/\/axelssoncloudconsulting.com\/services\/\"},{\"@type\":\"ListItem\",\"position\":2,\"name\":\"Technical Leadership\"}]},{\"@type\":\"WebSite\",\"@id\":\"https:\/\/axelssoncloudconsulting.com\/#website\",\"url\":\"https:\/\/axelssoncloudconsulting.com\/\",\"name\":\"Axelsson Consulting\",\"description\":\"Delivering premium digital experiences at cloud scale\",\"potentialAction\":[{\"@type\":\"SearchAction\",\"target\":{\"@type\":\"EntryPoint\",\"urlTemplate\":\"https:\/\/axelssoncloudconsulting.com\/?s={search_term_string}\"},\"query-input\":{\"@type\":\"PropertyValueSpecification\",\"valueRequired\":true,\"valueName\":\"search_term_string\"}}],\"inLanguage\":\"de\"}]}<\/script>\n<!-- \/ Yoast SEO plugin. -->","yoast_head_json":{"title":"Technical Leadership | Axelsson Consulting","robots":{"index":"index","follow":"follow","max-snippet":"max-snippet:-1","max-image-preview":"max-image-preview:large","max-video-preview":"max-video-preview:-1"},"canonical":"https:\/\/axelssonconsulting.de\/de-de\/dienstleistungen\/technische-leitung\/","og_locale":"de_DE","og_type":"article","og_title":"Technical Leadership | Axelsson Consulting","og_description":"Transform your business operations and products to take advantage of digital technologies, such data analytics and artificial intelligence for digital success","og_url":"https:\/\/axelssonconsulting.de\/de-de\/dienstleistungen\/technische-leitung\/","og_site_name":"Axelsson Consulting","article_modified_time":"2025-05-14T09:54:34+00:00","og_image":[{"width":1920,"height":1080,"url":"https:\/\/axelssoncloudconsulting.com\/wp-content\/uploads\/axelsson_cloud_consuling_digital_leadership_innovation_services.jpg","type":"image\/jpeg"}],"twitter_card":"summary_large_image","twitter_misc":{"Gesch\u00e4tzte Lesezeit":"1\u00a0Minute"},"schema":{"@context":"https:\/\/schema.org","@graph":[{"@type":"WebPage","@id":"https:\/\/axelssonconsulting.de\/de-de\/dienstleistungen\/technische-leitung\/","url":"https:\/\/axelssonconsulting.de\/de-de\/dienstleistungen\/technische-leitung\/","name":"Technical Leadership | Axelsson Consulting","isPartOf":{"@id":"https:\/\/axelssoncloudconsulting.com\/#website"},"primaryImageOfPage":{"@id":"https:\/\/axelssonconsulting.de\/de-de\/dienstleistungen\/technische-leitung\/#primaryimage"},"image":{"@id":"https:\/\/axelssonconsulting.de\/de-de\/dienstleistungen\/technische-leitung\/#primaryimage"},"thumbnailUrl":"\/wp-content\/uploads\/axelsson_cloud_consuling_digital_leadership_innovation_services.jpg","datePublished":"2024-06-09T23:20:15+00:00","dateModified":"2025-05-14T09:54:34+00:00","breadcrumb":{"@id":"https:\/\/axelssonconsulting.de\/de-de\/dienstleistungen\/technische-leitung\/#breadcrumb"},"inLanguage":"de","potentialAction":[{"@type":"ReadAction","target":["https:\/\/axelssonconsulting.de\/de-de\/dienstleistungen\/technische-leitung\/"]}]},{"@type":"ImageObject","inLanguage":"de","@id":"https:\/\/axelssonconsulting.de\/de-de\/dienstleistungen\/technische-leitung\/#primaryimage","url":"\/wp-content\/uploads\/axelsson_cloud_consuling_digital_leadership_innovation_services.jpg","contentUrl":"\/wp-content\/uploads\/axelsson_cloud_consuling_digital_leadership_innovation_services.jpg","width":1920,"height":1080},{"@type":"BreadcrumbList","@id":"https:\/\/axelssonconsulting.de\/de-de\/dienstleistungen\/technische-leitung\/#breadcrumb","itemListElement":[{"@type":"ListItem","position":1,"name":"Services","item":"https:\/\/axelssoncloudconsulting.com\/services\/"},{"@type":"ListItem","position":2,"name":"Technical Leadership"}]},{"@type":"WebSite","@id":"https:\/\/axelssoncloudconsulting.com\/#website","url":"https:\/\/axelssoncloudconsulting.com\/","name":"Axelsson Consulting","description":"Delivering premium digital experiences at cloud scale","potentialAction":[{"@type":"SearchAction","target":{"@type":"EntryPoint","urlTemplate":"https:\/\/axelssoncloudconsulting.com\/?s={search_term_string}"},"query-input":{"@type":"PropertyValueSpecification","valueRequired":true,"valueName":"search_term_string"}}],"inLanguage":"de"}]}},"_links":{"self":[{"href":"https:\/\/axelssoncloudconsulting.com\/de-de\/wp-json\/wp\/v2\/pages\/1679"}],"collection":[{"href":"https:\/\/axelssoncloudconsulting.com\/de-de\/wp-json\/wp\/v2\/pages"}],"about":[{"href":"https:\/\/axelssoncloudconsulting.com\/de-de\/wp-json\/wp\/v2\/types\/page"}],"author":[{"embeddable":true,"href":"https:\/\/axelssoncloudconsulting.com\/de-de\/wp-json\/wp\/v2\/users\/1"}],"replies":[{"embeddable":true,"href":"https:\/\/axelssoncloudconsulting.com\/de-de\/wp-json\/wp\/v2\/comments?post=1679"}],"version-history":[{"count":2,"href":"https:\/\/axelssoncloudconsulting.com\/de-de\/wp-json\/wp\/v2\/pages\/1679\/revisions"}],"predecessor-version":[{"id":2187,"href":"https:\/\/axelssoncloudconsulting.com\/de-de\/wp-json\/wp\/v2\/pages\/1679\/revisions\/2187"}],"up":[{"embeddable":true,"href":"https:\/\/axelssoncloudconsulting.com\/de-de\/wp-json\/wp\/v2\/pages\/976"}],"wp:featuredmedia":[{"embeddable":true,"href":"https:\/\/axelssoncloudconsulting.com\/de-de\/wp-json\/wp\/v2\/media\/1680"}],"wp:attachment":[{"href":"https:\/\/axelssoncloudconsulting.com\/de-de\/wp-json\/wp\/v2\/media?parent=1679"}],"curies":[{"name":"wp","href":"https:\/\/api.w.org\/{rel}","templated":true}]}}